{"id":1852,"date":"2016-12-13T10:27:28","date_gmt":"2016-12-13T10:27:28","guid":{"rendered":"https:\/\/www.plastoplan.sk\/en\/distribucie\/elastron-clone\/"},"modified":"2016-12-13T10:28:24","modified_gmt":"2016-12-13T10:28:24","slug":"ineos-styrolution","status":"publish","type":"page","link":"https:\/\/www.plastoplan.sk\/en\/distribucie\/ineos-styrolution\/","title":{"rendered":"INEOS Styrolution"},"content":{"rendered":"<p>INEOS Styrolution patr\u00ed do skupiny svetov\u00fdch l\u00eddrov v oblasti styrenick\u00fdch plastov PS, SAN, ABS, ASA a \u010fal\u0161\u00edch blendov na b\u00e1ze styr\u00e9nu. <\/p>\n","protected":false},"excerpt":{"rendered":"<p>INEOS Styrolution patr\u00ed do skupiny svetov\u00fdch l\u00eddrov v oblasti styrenick\u00fdch plastov PS, SAN, ABS, ASA a \u010fal\u0161\u00edch blendov na b\u00e1ze styr\u00e9nu.<\/p>\n","protected":false},"author":3,"featured_media":291,"parent":294,"menu_order":0,"comment_status":"closed","ping_status":"closed","template":"","meta":{"_acf_changed":false,"footnotes":""},"class_list":["post-1852","page","type-page","status-publish","has-post-thumbnail","hentry"],"acf":[],"_links":{"self":[{"href":"https:\/\/www.plastoplan.sk\/en\/wp-json\/wp\/v2\/pages\/1852","targetHints":{"allow":["GET"]}}],"collection":[{"href":"https:\/\/www.plastoplan.sk\/en\/wp-json\/wp\/v2\/pages"}],"about":[{"href":"https:\/\/www.plastoplan.sk\/en\/wp-json\/wp\/v2\/types\/page"}],"author":[{"embeddable":true,"href":"https:\/\/www.plastoplan.sk\/en\/wp-json\/wp\/v2\/users\/3"}],"replies":[{"embeddable":true,"href":"https:\/\/www.plastoplan.sk\/en\/wp-json\/wp\/v2\/comments?post=1852"}],"version-history":[{"count":0,"href":"https:\/\/www.plastoplan.sk\/en\/wp-json\/wp\/v2\/pages\/1852\/revisions"}],"up":[{"embeddable":true,"href":"https:\/\/www.plastoplan.sk\/en\/wp-json\/wp\/v2\/pages\/294"}],"wp:featuredmedia":[{"embeddable":true,"href":"https:\/\/www.plastoplan.sk\/en\/wp-json\/wp\/v2\/media\/291"}],"wp:attachment":[{"href":"https:\/\/www.plastoplan.sk\/en\/wp-json\/wp\/v2\/media?parent=1852"}],"curies":[{"name":"wp","href":"https:\/\/api.w.org\/{rel}","templated":true}]}}